{"id":3721,"date":"2026-03-06T12:42:27","date_gmt":"2026-03-06T17:42:27","guid":{"rendered":"https:\/\/transmeridian.pe\/?page_id=3721"},"modified":"2026-03-26T18:33:14","modified_gmt":"2026-03-26T23:33:14","slug":"gate-in-gate-out","status":"publish","type":"page","link":"https:\/\/mail.transmeridian.pe\/en\/gate-in-gate-out\/","title":{"rendered":"Gate In \/ Gate Out"},"content":{"rendered":"\t\t<div data-elementor-type=\"wp-page\" data-elementor-id=\"3721\" class=\"elementor elementor-3721\" data-elementor-post-type=\"page\">\n\t\t\t\t<div class=\"elementor-element elementor-element-84abe7a grupo e-flex e-con-boxed e-con e-parent\" data-id=\"84abe7a\" data-element_type=\"container\" data-e-type=\"container\" data-settings=\"{&quot;background_background&quot;:&quot;classic&quot;}\">\n\t\t\t\t\t<div class=\"e-con-inner\">\n\t\t<div class=\"elementor-element elementor-element-c1f9098 e-con-full e-flex e-con e-child\" data-id=\"c1f9098\" data-element_type=\"container\" data-e-type=\"container\">\n\t\t\t\t<div class=\"elementor-element elementor-element-edb4af9 elementor-widget elementor-widget-heading\" data-id=\"edb4af9\" data-element_type=\"widget\" data-e-type=\"widget\" data-widget_type=\"heading.default\">\n\t\t\t\t\t<h1 class=\"elementor-heading-title elementor-size-default\">Tarifario Gate In \/ Gate Out\u200b<\/h1>\t\t\t\t<\/div>\n\t\t\t\t<\/div>\n\t\t<div class=\"elementor-element elementor-element-223acba e-con-full e-flex e-con e-child\" data-id=\"223acba\" data-element_type=\"container\" data-e-type=\"container\">\n\t\t\t\t<div class=\"elementor-element elementor-element-8623e5a elementor-widget elementor-widget-text-editor\" data-id=\"8623e5a\" data-element_type=\"widget\" data-e-type=\"widget\" data-widget_type=\"text-editor.default\">\n\t\t\t\t\t\t\t\t\t<p>Conozca las tarifas del Gate In \/ Gate Out\u00a0 seg\u00fan los dep\u00f3sitos de contenedores vac\u00edos.<\/p>\t\t\t\t\t\t\t\t<\/div>\n\t\t\t\t<\/div>\n\t\t\t\t\t<\/div>\n\t\t\t\t<\/div>\n\t\t<div class=\"elementor-element elementor-element-07006a8 e-flex e-con-boxed e-con e-parent\" data-id=\"07006a8\" data-element_type=\"container\" data-e-type=\"container\">\n\t\t\t\t\t<div class=\"e-con-inner\">\n\t\t\t\t<div class=\"elementor-element elementor-element-39db6b0 elementor-widget elementor-widget-heading\" data-id=\"39db6b0\" data-element_type=\"widget\" data-e-type=\"widget\" data-widget_type=\"heading.default\">\n\t\t\t\t\t<span class=\"elementor-heading-title elementor-size-default\">Terminal: CONTRANS S.A.C.<br> Las tarifas no incluyen el 18% del I.G.V.<\/span>\t\t\t\t<\/div>\n\t\t\t\t<div class=\"elementor-element elementor-element-339d230 elementor-widget elementor-widget-heading\" data-id=\"339d230\" data-element_type=\"widget\" data-e-type=\"widget\" data-widget_type=\"heading.default\">\n\t\t\t\t\t<h2 class=\"elementor-heading-title elementor-size-default\">Gate In \/ Gate Out CONTRANS (L\u00ednea PIL)<\/h2>\t\t\t\t<\/div>\n\t\t\t\t\t<\/div>\n\t\t\t\t<\/div>\n\t\t<div class=\"elementor-element elementor-element-8981931 e-flex e-con-boxed e-con e-parent\" data-id=\"8981931\" data-element_type=\"container\" data-e-type=\"container\">\n\t\t\t\t\t<div class=\"e-con-inner\">\n\t\t\t\t<div class=\"elementor-element elementor-element-ccf321d elementor-widget elementor-widget-n-accordion\" data-id=\"ccf321d\" data-element_type=\"widget\" data-e-type=\"widget\" data-settings=\"{&quot;default_state&quot;:&quot;expanded&quot;,&quot;max_items_expended&quot;:&quot;one&quot;,&quot;n_accordion_animation_duration&quot;:{&quot;unit&quot;:&quot;ms&quot;,&quot;size&quot;:400,&quot;sizes&quot;:[]}}\" data-widget_type=\"nested-accordion.default\">\n\t\t\t\t\t\t\t<div class=\"e-n-accordion\" aria-label=\"Accordion. Open links with Enter or Space, close with Escape, and navigate with Arrow Keys\">\n\t\t\t\t\t\t<details id=\"e-n-accordion-item-2140\" class=\"e-n-accordion-item\" open>\n\t\t\t\t<summary class=\"e-n-accordion-item-title\" data-accordion-index=\"1\" tabindex=\"0\" aria-expanded=\"true\" aria-controls=\"e-n-accordion-item-2140\" >\n\t\t\t\t\t<span class='e-n-accordion-item-title-header'><div class=\"e-n-accordion-item-title-text\"> Dep\u00f3sito de Contenedores Vac\u00edos \u2013 CALLAO <\/div><\/span>\n\t\t\t\t\t\t\t<span class='e-n-accordion-item-title-icon'>\n\t\t\t<span class='e-opened' ><svg aria-hidden=\"true\" class=\"e-font-icon-svg e-fas-minus\" viewBox=\"0 0 448 512\" xmlns=\"http:\/\/www.w3.org\/2000\/svg\"><path d=\"M416 208H32c-17.67 0-32 14.33-32 32v32c0 17.67 14.33 32 32 32h384c17.67 0 32-14.33 32-32v-32c0-17.67-14.33-32-32-32z\"><\/path><\/svg><\/span>\n\t\t\t<span class='e-closed'><svg aria-hidden=\"true\" class=\"e-font-icon-svg e-fas-plus\" viewBox=\"0 0 448 512\" xmlns=\"http:\/\/www.w3.org\/2000\/svg\"><path d=\"M416 208H272V64c0-17.67-14.33-32-32-32h-32c-17.67 0-32 14.33-32 32v144H32c-17.67 0-32 14.33-32 32v32c0 17.67 14.33 32 32 32h144v144c0 17.67 14.33 32 32 32h32c17.67 0 32-14.33 32-32V304h144c17.67 0 32-14.33 32-32v-32c0-17.67-14.33-32-32-32z\"><\/path><\/svg><\/span>\n\t\t<\/span>\n\n\t\t\t\t\t\t<\/summary>\n\t\t\t\t<div role=\"region\" aria-labelledby=\"e-n-accordion-item-2140\" class=\"elementor-element elementor-element-212c52a e-con-full e-flex e-con e-child\" data-id=\"212c52a\" data-element_type=\"container\" data-e-type=\"container\">\n\t\t\t\t<div class=\"elementor-element elementor-element-ef4c944 elementor-widget elementor-widget-html\" data-id=\"ef4c944\" data-element_type=\"widget\" data-e-type=\"widget\" data-widget_type=\"html.default\">\n\t\t\t\t\t<link rel=\"stylesheet\" href=\"table.css\">\r\n<style>\r\n#tabla-importacion tbody th[scope=\"row\"] {\r\n  color: #440084 !important;\r\n  font-weight: 700;\r\n}\r\n<\/style>\r\n\r\n<div class=\"fm-table-wrapper\">\r\n  <table class=\"fm-table\" id=\"tabla-importacion\">\r\n  <thead>\r\n    <tr>\r\n      <th>VAC\u00cdOS<\/th>\r\n      <th>20\u2019<\/th>\r\n      <th>40\u2019<\/th>\r\n      <th>OBSERVACIONES<\/th>\r\n    <\/tr>\r\n  <\/thead>\r\n  <tbody>\r\n    <tr>\r\n      <th scope=\"row\">Gate In - PIL<\/th>\r\n      <td>$223.00<\/td>\r\n      <td>$223.00<\/td>\r\n      <td>x cntr + igv<\/td>\r\n    <\/tr>\r\n    <tr>\r\n      <th scope=\"row\">GASTOS ADM PIL. Gate In x factura<\/th>\r\n      <td>$12.00<\/td>\r\n      <td>$12.00<\/td>\r\n      <td>x factura<\/td>\r\n    <\/tr>\r\n    <tr>\r\n      <th scope=\"row\">Gate Out - PIL<\/th>\r\n      <td>$139.10<\/td>\r\n      <td>$139.10<\/td>\r\n      <td>x cntr + igv<\/td>\r\n    <\/tr>\r\n    <tr>\r\n      <th scope=\"row\">GASTOS ADM PIL. Gate Out x factura<\/th>\r\n      <td>$12.90<\/td>\r\n      <td>$12.90<\/td>\r\n      <td>x factura<\/td>\r\n    <\/tr>\r\n    <tr>\r\n      <th scope=\"row\">Servicio Extraordinario(*)<\/th>\r\n      <td>$27.00<\/td>\r\n      <td>$27.00<\/td>\r\n      <td>x Hr \/ Fracc. x Cntr<\/td>\r\n    <\/tr>\r\n    <tr>\r\n      <th scope=\"row\">Asignaci\u00f3n Anticipada x cntr<\/th>\r\n      <td>$10.00<\/td>\r\n      <td>$10.00<\/td>\r\n      <td>x cntr + igv<\/td>\r\n    <\/tr>\r\n\r\n  <\/tbody>\r\n<\/table>\t\t\t\t<\/div>\n\t\t\t\t<div class=\"elementor-element elementor-element-2ae8934 elementor-widget elementor-widget-text-editor\" data-id=\"2ae8934\" data-element_type=\"widget\" data-e-type=\"widget\" data-widget_type=\"text-editor.default\">\n\t\t\t\t\t\t\t\t\t<p>Otros gastos<\/p>\t\t\t\t\t\t\t\t<\/div>\n\t\t\t\t<div class=\"elementor-element elementor-element-1c69ff4 elementor-widget elementor-widget-html\" data-id=\"1c69ff4\" data-element_type=\"widget\" data-e-type=\"widget\" data-widget_type=\"html.default\">\n\t\t\t\t\t<link rel=\"stylesheet\" href=\"table.css\">\r\n\r\n<div class=\"fm-table-wrapper\">\r\n  <table class=\"fm-table\" id=\"tabla-importacion\">\r\n  <thead>\r\n    <tr>\r\n      <th>VAC\u00cdOS<\/th>\r\n      <th>20\u2019<\/th>\r\n      <th>40\u2019<\/th>\r\n      <th>OBSERVACIONES<\/th>\r\n    <\/tr>\r\n  <\/thead>\r\n  <tbody>\r\n    <tr>\r\n      <th scope=\"row\">Forrado de Contenedor<\/th>\r\n      <td>$22.00<\/td>\r\n      <td>$39.00<\/td>\r\n      <td>Para embarque de harina de pescado.<\/td>\r\n    <\/tr>\r\n    <tr>\r\n      <th scope=\"row\">Remoci\u00f3n de Etiquetas<\/th>\r\n      <td>$10.00<\/td>\r\n      <td>$10.00<\/td>\r\n      <td>x cntr + igv<\/td>\r\n    <\/tr>\r\n    <tr>\r\n      <th scope=\"row\">Reparaci\u00f3n de Contenedores<\/th>\r\n      <td>$0.00<\/td>\r\n      <td>$0.00<\/td>\r\n      <td>Previa inspecci\u00f3n y emisi\u00f3n de estimado de reparaci\u00f3n<\/td>\r\n    <\/tr>\r\n  <\/tbody>\r\n<\/table>\t\t\t\t<\/div>\n\t\t\t\t<\/div>\n\t\t\t\t\t<\/details>\n\t\t\t\t\t<\/div>\n\t\t\t\t\t\t<\/div>\n\t\t\t\t\t<\/div>\n\t\t\t\t<\/div>\n\t\t\t\t<\/div>\n\t\t","protected":false},"excerpt":{"rendered":"<p>Tarifario Gate In \/ Gate Out\u200b Conozca las tarifas del Gate In \/ Gate Out\u00a0 seg\u00fan los dep\u00f3sitos de contenedores vac\u00edos. Terminal: CONTRANS S.A.C. Las tarifas no incluyen el 18% del I.G.V. Gate In \/ Gate Out CONTRANS (L\u00ednea PIL) Dep\u00f3sito de Contenedores Vac\u00edos \u2013 CALLAO VAC\u00cdOS 20\u2019 40\u2019 OBSERVACIONES Gate In &#8211; PIL $223.00 [&hellip;]<\/p>\n","protected":false},"author":2,"featured_media":0,"parent":0,"menu_order":0,"comment_status":"closed","ping_status":"closed","template":"","meta":{"footnotes":""},"class_list":["post-3721","page","type-page","status-publish","hentry"],"blocksy_meta":[],"_links":{"self":[{"href":"https:\/\/mail.transmeridian.pe\/en\/wp-json\/wp\/v2\/pages\/3721","targetHints":{"allow":["GET"]}}],"collection":[{"href":"https:\/\/mail.transmeridian.pe\/en\/wp-json\/wp\/v2\/pages"}],"about":[{"href":"https:\/\/mail.transmeridian.pe\/en\/wp-json\/wp\/v2\/types\/page"}],"author":[{"embeddable":true,"href":"https:\/\/mail.transmeridian.pe\/en\/wp-json\/wp\/v2\/users\/2"}],"replies":[{"embeddable":true,"href":"https:\/\/mail.transmeridian.pe\/en\/wp-json\/wp\/v2\/comments?post=3721"}],"version-history":[{"count":62,"href":"https:\/\/mail.transmeridian.pe\/en\/wp-json\/wp\/v2\/pages\/3721\/revisions"}],"predecessor-version":[{"id":4149,"href":"https:\/\/mail.transmeridian.pe\/en\/wp-json\/wp\/v2\/pages\/3721\/revisions\/4149"}],"wp:attachment":[{"href":"https:\/\/mail.transmeridian.pe\/en\/wp-json\/wp\/v2\/media?parent=3721"}],"curies":[{"name":"wp","href":"https:\/\/api.w.org\/{rel}","templated":true}]}}